{"id":2072,"date":"2020-03-27T10:08:58","date_gmt":"2020-03-27T10:08:58","guid":{"rendered":"https:\/\/hotel-meteora.de\/?page_id=2072"},"modified":"2026-02-04T10:48:52","modified_gmt":"2026-02-04T09:48:52","slug":"impressum","status":"publish","type":"page","link":"https:\/\/hotel-meteora.de\/en\/impressum\/","title":{"rendered":"Impressum"},"content":{"rendered":"<section class=\"wpb-content-wrapper\"><p>[vc_row][vc_column][vc_column_text]<\/p>\n<h1 class=\"ffb-id-29miajnh fg-heading text-left fg-text-dark\">Hotel-Meteora T\u00fcbingen<\/h1>\n<p>&nbsp;<\/p>\n<p>Hotel-Meteora T\u00fcbingen<br \/>\nWeizs\u00e4ckerstr. 1<br \/>\n72074 T\u00fcbingen<br \/>\nDeutschland<\/p>\n<p>&nbsp;<\/p>\n<p>Tel.: +49 (0) 70 71 &#8211; 970 90 20<br \/>\nFax: +49 (0) 70 71 &#8211; 2 79 20<\/p>\n<p>&nbsp;<\/p>\n<p>E-Mail:\u00a0<a href=\"mailto:info@hotel-meteora.de\">info@hotel-meteora.de<br \/>\nWebsite:\u00a0<a href=\"https:\/\/hotel-meteora.de\">www.hotel-meteora.de<\/a><\/p>\n<p>&nbsp;<\/p>\n<h2>Inhaber<\/h2>\n<p>Achilleas &amp; Konstantinos Tsigaras GbR<\/p>\n<p>&nbsp;<\/p>\n<p>&nbsp;<\/p>\n<h2>Umsatzsteuer-Identifikationsnummer\u00a0gem\u00e4\u00df \u00a7 27 a Umsatzsteuergesetz<\/h2>\n<p>DE 178989894<\/p>\n<p>&nbsp;<\/p>\n<p>&nbsp;<\/p>\n<p>&nbsp;<\/p>\n<h2>Steuernummer<\/h2>\n<p>86150\/13499<\/p>\n<p>&nbsp;<\/p>\n<p>&nbsp;<\/p>\n<p>&nbsp;<\/p>\n<h2>Verantwortlich nach \u00a7 55 Rundfunkstaatsvertrag<\/h2>\n<p>Achilleas &amp; Konstantinos Tsigaras<\/p>\n<p>&nbsp;<\/p>\n<p>&nbsp;<\/p>\n<h2>Copyright s\u00e4mtlicher Inhalte<\/h2>\n<p>Hotel-Meteora T\u00fcbingen. Alle Rechte vorbehalten.<\/p>\n<p>&nbsp;<\/p>\n<p>&nbsp;<\/p>\n<h2 class=\"ffb-id-29mijm2i fg-heading text-left fg-text-dark\">Urheberrecht \/ Haftungsausschluss<\/h2>\n<p>Die durch uns erstellten Inhalte auf dieser Webseite unterliegen dem deutschen Urheberrecht. Jede Verwertung, au\u00dferhalb der Grenzen des Urheberrechts, bedarf unserer schriftlichen Zustimmung. F\u00fcr die Richtigkeit, Vollst\u00e4ndigkeit und Aktualit\u00e4t der Inhalte \u00fcbernehmen wir keine Gew\u00e4hr. Diese Webseite enth\u00e4lt Links zu Webseiten Dritter, auf deren Inhalte wir keinen Einfluss haben und f\u00fcr die wir daher auch keine Gew\u00e4hr \u00fcbernehmen. F\u00fcr die Inhalte der verlinkten Seiten sind ausschlie\u00dflich deren Anbieter oder Betreiber verantwortlich.<\/p>\n<p>&nbsp;<\/p>\n<p>&nbsp;<\/p>\n<p>&nbsp;<\/p>\n<h2 class=\"ffb-id-29mimr40 fg-heading text-left fg-text-dark\">Fotonachweise<\/h2>\n<p>&nbsp;<\/p>\n<ul class=\"ffb-id-29mingdj ffb-list lists-base fg-text-dark\">\n<li class=\"ffb-list-item text-left ffb-list-style-icon list-unstyled fg-text-dark ffb-list-item-1\"><i class=\"ffb-list-icon ff-font-awesome4 icon-angle-right fg-text-dark ffb-one-icon\"><\/i>Panagiotis Koutloumpasis\n<div class=\"ffb-list-text fg-text-dark ffb-one-text\">objektiv betrachtet &#8211; Photography<\/div>\n<\/li>\n<\/ul>\n<p>&nbsp;<\/p>\n<p>Personen oder deren gesetzliche Vertreter, die mit der Ver\u00f6ffentlichung ihrer Fotos auf dieser Website nicht einverstanden sind, bitten wir um schriftliche Kontaktaufnahme unter\u00a0<a href=\"mailto:info@hotel-meteora.de\">i<\/a>nfo@hotel-meteora.de.<\/p>\n<p>&nbsp;<\/p>\n<p>&nbsp;<\/p>\n<h2 class=\"ffb-id-29mjan65 fg-heading text-left fg-text-dark\">Idee und Konzeption des Internetauftritts<\/h2>\n<p>PixelEngine &#8211; <a href=\"https:\/\/www.pixelengine.de\/\" target=\"_blank\" rel=\"noopener noreferrer\">www.pixelengine.de<\/a><\/p>\n<p>&nbsp;<\/p>\n<p>&nbsp;<\/p>\n<h3 class=\"ffb-id-29mjk9le fg-heading text-left fg-text-dark\">Webdesign, Umsetzung und Administration<\/h3>\n<div class=\"ffb-id-29mjpork fg-paragraph ff-richtext text-left fg-text-dark\">\n<p>PixelEngine &#8211;\u00a0<a href=\"https:\/\/www.pixelengine.de\/\" target=\"_blank\" rel=\"noopener noreferrer\">www.pixelengine.de<\/a><\/p>\n<\/div>\n<p>[\/vc_column_text][\/vc_column][\/vc_row]<\/p>\n<\/section>","protected":false},"excerpt":{"rendered":"<p>[vc_row][vc_column][vc_column_text] Hotel-Meteora T\u00fcbingen &nbsp; Hotel-Meteora T\u00fcbingen Weizs\u00e4ckerstr. 1 72074 T\u00fcbingen Deutschland &nbsp; Tel.: +49 (0) 70 71 &#8211; 970 90 20 Fax: +49 (0) 70 71 &#8211; 2 79 20 &nbsp; E-Mail:\u00a0info@hotel-meteora.de Website:\u00a0www.hotel-meteora.de &nbsp; Inhaber Achilleas &amp; Konstantinos Tsigaras GbR &nbsp; &nbsp; Umsatzsteuer-Identifikationsnummer\u00a0gem\u00e4\u00df \u00a7 27 a Umsatzsteuergesetz DE 178989894 &nbsp; &nbsp; &nbsp; Steuernummer 86150\/13499 &nbsp; [&hellip;]<\/p>\n","protected":false},"author":1,"featured_media":0,"parent":0,"menu_order":0,"comment_status":"closed","ping_status":"closed","template":"","meta":{"footnotes":""},"yoast_head":"<!-- This site is optimized with the Yoast SEO plugin v20.11 - https:\/\/yoast.com\/wordpress\/plugins\/seo\/ -->\n<title>Impressum - Hotel-Meteora<\/title>\n<meta name=\"robots\" content=\"index, follow, max-snippet:-1, max-image-preview:large, max-video-preview:-1\" \/>\n<link rel=\"canonical\" href=\"https:\/\/hotel-meteora.de\/en\/impressum\/\" \/>\n<meta property=\"og:locale\" content=\"en_US\" \/>\n<meta property=\"og:type\" content=\"article\" \/>\n<meta property=\"og:title\" content=\"Impressum - Hotel-Meteora\" \/>\n<meta property=\"og:description\" content=\"[vc_row][vc_column][vc_column_text] Hotel-Meteora T\u00fcbingen &nbsp; Hotel-Meteora T\u00fcbingen Weizs\u00e4ckerstr. 1 72074 T\u00fcbingen Deutschland &nbsp; Tel.: +49 (0) 70 71 &#8211; 970 90 20 Fax: +49 (0) 70 71 &#8211; 2 79 20 &nbsp; E-Mail:\u00a0info@hotel-meteora.de Website:\u00a0www.hotel-meteora.de &nbsp; Inhaber Achilleas &amp; Konstantinos Tsigaras GbR &nbsp; &nbsp; Umsatzsteuer-Identifikationsnummer\u00a0gem\u00e4\u00df \u00a7 27 a Umsatzsteuergesetz DE 178989894 &nbsp; &nbsp; &nbsp; Steuernummer 86150\/13499 &nbsp; [&hellip;]\" \/>\n<meta property=\"og:url\" content=\"https:\/\/hotel-meteora.de\/en\/impressum\/\" \/>\n<meta property=\"og:site_name\" content=\"Hotel-Meteora\" \/>\n<meta property=\"article:modified_time\" content=\"2026-02-04T09:48:52+00:00\" \/>\n<meta name=\"twitter:card\" content=\"summary_large_image\" \/>\n<meta name=\"twitter:label1\" content=\"Est. reading time\" \/>\n\t<meta name=\"twitter:data1\" content=\"2 minutes\" \/>\n<script type=\"application\/ld+json\" class=\"yoast-schema-graph\">{\"@context\":\"https:\/\/schema.org\",\"@graph\":[{\"@type\":\"WebPage\",\"@id\":\"https:\/\/hotel-meteora.de\/en\/impressum\/\",\"url\":\"https:\/\/hotel-meteora.de\/en\/impressum\/\",\"name\":\"Impressum - Hotel-Meteora\",\"isPartOf\":{\"@id\":\"https:\/\/hotel-meteora.de\/#website\"},\"datePublished\":\"2020-03-27T10:08:58+00:00\",\"dateModified\":\"2026-02-04T09:48:52+00:00\",\"breadcrumb\":{\"@id\":\"https:\/\/hotel-meteora.de\/en\/impressum\/#breadcrumb\"},\"inLanguage\":\"en-US\",\"potentialAction\":[{\"@type\":\"ReadAction\",\"target\":[\"https:\/\/hotel-meteora.de\/en\/impressum\/\"]}]},{\"@type\":\"BreadcrumbList\",\"@id\":\"https:\/\/hotel-meteora.de\/en\/impressum\/#breadcrumb\",\"itemListElement\":[{\"@type\":\"ListItem\",\"position\":1,\"name\":\"Startseite\",\"item\":\"https:\/\/hotel-meteora.de\/en\/\"},{\"@type\":\"ListItem\",\"position\":2,\"name\":\"Impressum\"}]},{\"@type\":\"WebSite\",\"@id\":\"https:\/\/hotel-meteora.de\/#website\",\"url\":\"https:\/\/hotel-meteora.de\/\",\"name\":\"Hotel-Meteora\",\"description\":\"\",\"potentialAction\":[{\"@type\":\"SearchAction\",\"target\":{\"@type\":\"EntryPoint\",\"urlTemplate\":\"https:\/\/hotel-meteora.de\/?s={search_term_string}\"},\"query-input\":\"required name=search_term_string\"}],\"inLanguage\":\"en-US\"}]}<\/script>\n<!-- \/ Yoast SEO plugin. -->","yoast_head_json":{"title":"Impressum - Hotel-Meteora","robots":{"index":"index","follow":"follow","max-snippet":"max-snippet:-1","max-image-preview":"max-image-preview:large","max-video-preview":"max-video-preview:-1"},"canonical":"https:\/\/hotel-meteora.de\/en\/impressum\/","og_locale":"en_US","og_type":"article","og_title":"Impressum - Hotel-Meteora","og_description":"[vc_row][vc_column][vc_column_text] Hotel-Meteora T\u00fcbingen &nbsp; Hotel-Meteora T\u00fcbingen Weizs\u00e4ckerstr. 1 72074 T\u00fcbingen Deutschland &nbsp; Tel.: +49 (0) 70 71 &#8211; 970 90 20 Fax: +49 (0) 70 71 &#8211; 2 79 20 &nbsp; E-Mail:\u00a0info@hotel-meteora.de Website:\u00a0www.hotel-meteora.de &nbsp; Inhaber Achilleas &amp; Konstantinos Tsigaras GbR &nbsp; &nbsp; Umsatzsteuer-Identifikationsnummer\u00a0gem\u00e4\u00df \u00a7 27 a Umsatzsteuergesetz DE 178989894 &nbsp; &nbsp; &nbsp; Steuernummer 86150\/13499 &nbsp; [&hellip;]","og_url":"https:\/\/hotel-meteora.de\/en\/impressum\/","og_site_name":"Hotel-Meteora","article_modified_time":"2026-02-04T09:48:52+00:00","twitter_card":"summary_large_image","twitter_misc":{"Est. reading time":"2 minutes"},"schema":{"@context":"https:\/\/schema.org","@graph":[{"@type":"WebPage","@id":"https:\/\/hotel-meteora.de\/en\/impressum\/","url":"https:\/\/hotel-meteora.de\/en\/impressum\/","name":"Impressum - Hotel-Meteora","isPartOf":{"@id":"https:\/\/hotel-meteora.de\/#website"},"datePublished":"2020-03-27T10:08:58+00:00","dateModified":"2026-02-04T09:48:52+00:00","breadcrumb":{"@id":"https:\/\/hotel-meteora.de\/en\/impressum\/#breadcrumb"},"inLanguage":"en-US","potentialAction":[{"@type":"ReadAction","target":["https:\/\/hotel-meteora.de\/en\/impressum\/"]}]},{"@type":"BreadcrumbList","@id":"https:\/\/hotel-meteora.de\/en\/impressum\/#breadcrumb","itemListElement":[{"@type":"ListItem","position":1,"name":"Startseite","item":"https:\/\/hotel-meteora.de\/en\/"},{"@type":"ListItem","position":2,"name":"Impressum"}]},{"@type":"WebSite","@id":"https:\/\/hotel-meteora.de\/#website","url":"https:\/\/hotel-meteora.de\/","name":"Hotel-Meteora","description":"","potentialAction":[{"@type":"SearchAction","target":{"@type":"EntryPoint","urlTemplate":"https:\/\/hotel-meteora.de\/?s={search_term_string}"},"query-input":"required name=search_term_string"}],"inLanguage":"en-US"}]}},"_links":{"self":[{"href":"https:\/\/hotel-meteora.de\/en\/wp-json\/wp\/v2\/pages\/2072"}],"collection":[{"href":"https:\/\/hotel-meteora.de\/en\/wp-json\/wp\/v2\/pages"}],"about":[{"href":"https:\/\/hotel-meteora.de\/en\/wp-json\/wp\/v2\/types\/page"}],"author":[{"embeddable":true,"href":"https:\/\/hotel-meteora.de\/en\/wp-json\/wp\/v2\/users\/1"}],"replies":[{"embeddable":true,"href":"https:\/\/hotel-meteora.de\/en\/wp-json\/wp\/v2\/comments?post=2072"}],"version-history":[{"count":10,"href":"https:\/\/hotel-meteora.de\/en\/wp-json\/wp\/v2\/pages\/2072\/revisions"}],"predecessor-version":[{"id":2471,"href":"https:\/\/hotel-meteora.de\/en\/wp-json\/wp\/v2\/pages\/2072\/revisions\/2471"}],"wp:attachment":[{"href":"https:\/\/hotel-meteora.de\/en\/wp-json\/wp\/v2\/media?parent=2072"}],"curies":[{"name":"wp","href":"https:\/\/api.w.org\/{rel}","templated":true}]}}